{"id":74,"date":"2020-01-03T13:36:16","date_gmt":"2020-01-03T13:36:16","guid":{"rendered":"http:\/\/dirkkrecker.de\/?page_id=74"},"modified":"2022-02-08T16:35:07","modified_gmt":"2022-02-08T15:35:07","slug":"impressum-datenschutz","status":"publish","type":"page","link":"http:\/\/dirkkrecker.de\/?page_id=74","title":{"rendered":"IMPRESSUM\/DATENSCHUTZ"},"content":{"rendered":"\n<p class=\"has-small-font-size\"><strong>Impressum<\/strong><br>Dirk Krecker<br>Nordendstra\u00dfe 57<br>D-60318 Frankfurt am Main<br>Mob: Plus4915735144887<br>dirk.krecker(at)gmx.de<\/p>\n\n\n\n<p><\/p>\n\n\n\n<p class=\"has-small-font-size\"><strong>Datenschutz<br><\/strong>Wir weisen darauf hin,  dass die Daten\u00fcbertragung im Internet (z.B. bei der Kommunikation per  E-Mail) Sicherheitsl\u00fccken aufweisen kann. Ein l\u00fcckenloser Schutz der  Daten vor dem Zugriff durch Dritte ist nicht m\u00f6glich. Eine  Vertraulichkeit im Hinblick auf die Datenschutzbestimmungen wird nur  unter der vorstehenden Einschr\u00e4nkung gew\u00e4hrleistet. Insbesondere sollen  alle Mitteilungen von personenbezogenen Daten \u00fcber das Internet nur  erfolgen, soweit nicht Rechte Dritter ber\u00fchrt werden. Es sei denn der  Dritte hat in Kenntnis der vorstehenden Sicherheitsl\u00fccken ebenfalls  seine Zustimmung erkl\u00e4rt. Eine Haftung des Seitenbetreibers wird f\u00fcr die  durch solche Sicherheitsl\u00fccken entstehenden Sch\u00e4den oder  Unterlassungsanspr\u00fcche ausgeschlossen. Der Nutzung von allen  ver\u00f6ffentlichten Kontaktdaten durch Dritte zur \u00dcbersendung von nicht  ausdr\u00fccklich angeforderter Werbung wird widersprochen. Die Betreiber der  Seiten behalten sich ausdr\u00fccklich rechtliche Schritte im Falle der  unverlangten Zusendung von Werbeinformationen, etwa durch Spam-Mails,  vor.<br> <br><strong>Cookies<br><\/strong>Die Internetseiten  verwenden teilweise so genannte Cookies. Cookies richten auf Ihrem  Rechner keinen Schaden an und enthalten keine Viren. Cookies dienen  dazu, unser Angebot nutzerfreundlicher, effektiver und sicherer zu  machen. Cookies sind kleine Textdateien, die auf Ihrem Rechner abgelegt  werden und die Ihr Browser speichert.<br> Die meisten der von uns verwendeten  Cookies sind so genannte \u201eSession-Cookies\u201c. Sie werden nach Ende Ihres  Besuchs automatisch gel\u00f6scht. Andere Cookies bleiben auf Ihrem Endger\u00e4t  gespeichert, bis Sie diese l\u00f6schen. Diese Cookies erm\u00f6glichen es uns,  Ihren Browser beim n\u00e4chsten Besuch wiederzuerkennen.<br> Sie k\u00f6nnen Ihren Browser so einstellen,  dass Sie \u00fcber das Setzen von Cookies informiert werden und Cookies nur  im Einzelfall erlauben, die Annahme von Cookies f\u00fcr bestimmte F\u00e4lle oder  generell ausschlie\u00dfen sowie das automatische L\u00f6schen der Cookies beim  Schlie\u00dfen des Browser aktivieren. Bei der Deaktivierung von Cookies kann  die Funktionalit\u00e4t dieser Website eingeschr\u00e4nkt sein.<br> <br><strong>Server-Log-Files<br><\/strong>Der Provider der Seiten  erhebt und speichert automatisch Informationen in so genannten  Server-Log Files, die Ihr Browser automatisch an uns \u00fcbermittelt. Dies  sind:<br> \u2013 Browsertyp und Browserversion\u2013  verwendetes Betriebssystem\u2013 Referrer URL\u2013 Hostname des zugreifenden  Rechners\u2013 Uhrzeit der Serveranfrage<br> Diese Daten sind nicht bestimmten  Personen zuordenbar. Eine Zusammenf\u00fchrung dieser Daten mit anderen  Datenquellen wird nicht vorgenommen. Wir behalten uns vor, diese Daten  nachtr\u00e4glich zu pr\u00fcfen, wenn uns konkrete Anhaltspunkte f\u00fcr eine  rechtswidrige Nutzung bekannt werden.<br> <br><strong>Kontaktformular<br> <\/strong>Wenn Sie uns per  Kontaktformular Anfragen zukommen lassen, werden Ihre Angaben aus dem  Anfrageformular inklusive der von Ihnen dort angegebenen Kontaktdaten  zwecks Bearbeitung der Anfrage und f\u00fcr den Fall von Anschlussfragen bei  uns gespeichert. Diese Daten geben wir nicht ohne Ihre Einwilligung  weiter.<br> <br><strong>SSL-Verschl\u00fcsselung<br> <\/strong>Diese Seite nutzt aus  Gr\u00fcnden der Sicherheit und zum Schutz der \u00dcbertragung vertraulicher  Inhalte, wie zum Beispiel der Anfragen, die Sie an uns als  Seitenbetreiber senden, eine SSL-Verschl\u00fcsselung. Eine verschl\u00fcsselte  Verbindung erkennen Sie daran, dass die Adresszeile des Browsers von  \u201chttp:\/\/\u201d auf \u201chttps:\/\/\u201d wechselt und an dem Schloss-Symbol in Ihrer  Browserzeile.<br> Wenn die SSL Verschl\u00fcsselung aktiviert ist, k\u00f6nnen die Daten, die Sie an uns \u00fcbermitteln, nicht von Dritten mitgelesen werden.<br> <br><strong>Recht auf Auskunft, L\u00f6schung, Sperrung<br> <\/strong>Sie haben jederzeit das  Recht auf unentgeltliche Auskunft \u00fcber Ihre gespeicherten  personenbezogenen Daten, deren Herkunft und Empf\u00e4nger und den Zweck der  Datenverarbeitung sowie ein Recht auf Berichtigung, Sperrung oder  L\u00f6schung dieser Daten. Hierzu sowie zu weiteren Fragen zum Thema  personenbezogene Daten k\u00f6nnen Sie sich jederzeit unter der im Impressum  angegebenen Adresse an uns wenden.<br> <br><strong>Widerspruch Werbe-Mails<br> <\/strong>Der Nutzung von im Rahmen  der Impressumspflicht ver\u00f6ffentlichten Kontaktdaten zur \u00dcbersendung von  nicht ausdr\u00fccklich angeforderter Werbung und Informationsmaterialien  wird hiermit widersprochen. Die Betreiber der Seiten behalten sich  ausdr\u00fccklich rechtliche Schritte im Falle der unverlangten Zusendung von  Werbeinformationen, etwa durch Spam-E-Mails, vor.<br> <br><a rel=\"noreferrer noopener\" href=\"https:\/\/www.e-recht24.de\/\" target=\"_blank\">Quelle: https:\/\/www.e-recht24.de\/<\/a> <\/p>\n","protected":false},"excerpt":{"rendered":"<p>ImpressumDirk KreckerNordendstra\u00dfe 57D-60318 Frankfurt am MainMob: Plus4915735144887dirk.krecker(at)gmx.de DatenschutzWir weisen darauf hin, dass die Daten\u00fcbertragung im Internet (z.B. bei der Kommunikation per E-Mail) Sicherheitsl\u00fccken aufweisen kann. Ein l\u00fcckenloser Schutz der Daten vor dem Zugriff durch Dritte ist nicht m\u00f6glich. Eine Vertraulichkeit im Hinblick auf die Datenschutzbestimmungen&hellip; <a class=\"read-more\" href=\"http:\/\/dirkkrecker.de\/?page_id=74\">Weiterlesen<\/a><\/p>\n","protected":false},"author":1,"featured_media":0,"parent":0,"menu_order":0,"comment_status":"closed","ping_status":"closed","template":"","meta":[],"_links":{"self":[{"href":"http:\/\/dirkkrecker.de\/index.php?rest_route=\/wp\/v2\/pages\/74"}],"collection":[{"href":"http:\/\/dirkkrecker.de\/index.php?rest_route=\/wp\/v2\/pages"}],"about":[{"href":"http:\/\/dirkkrecker.de\/index.php?rest_route=\/wp\/v2\/types\/page"}],"author":[{"embeddable":true,"href":"http:\/\/dirkkrecker.de\/index.php?rest_route=\/wp\/v2\/users\/1"}],"replies":[{"embeddable":true,"href":"http:\/\/dirkkrecker.de\/index.php?rest_route=%2Fwp%2Fv2%2Fcomments&post=74"}],"version-history":[{"count":7,"href":"http:\/\/dirkkrecker.de\/index.php?rest_route=\/wp\/v2\/pages\/74\/revisions"}],"predecessor-version":[{"id":487,"href":"http:\/\/dirkkrecker.de\/index.php?rest_route=\/wp\/v2\/pages\/74\/revisions\/487"}],"wp:attachment":[{"href":"http:\/\/dirkkrecker.de\/index.php?rest_route=%2Fwp%2Fv2%2Fmedia&parent=74"}],"curies":[{"name":"wp","href":"https:\/\/api.w.org\/{rel}","templated":true}]}}