{"id":448,"date":"2022-02-08T09:17:15","date_gmt":"2022-02-08T08:17:15","guid":{"rendered":"http:\/\/dirkkrecker.de\/?page_id=448"},"modified":"2022-02-08T09:49:27","modified_gmt":"2022-02-08T08:49:27","slug":"ahab","status":"publish","type":"page","link":"http:\/\/dirkkrecker.de\/?page_id=448","title":{"rendered":"AHAB"},"content":{"rendered":"\n<figure class=\"wp-block-embed is-type-video is-provider-youtube wp-block-embed-youtube wp-embed-aspect-16-9 wp-has-aspect-ratio\"><div class=\"wp-block-embed__wrapper\">\n<iframe loading=\"lazy\" title=\"AHAB\" width=\"720\" height=\"405\" src=\"https:\/\/www.youtube.com\/embed\/qMAZqsrOHg8?feature=oembed\" frameborder=\"0\" allow=\"accelerometer; autoplay; clipboard-write; encrypted-media; gyroscope; picture-in-picture\" allowfullscreen><\/iframe>\n<\/div><\/figure>\n\n\n\n<p class=\"has-small-font-size\">AHAB, R\u00fcckkopplungsverkabelte R\u00f6hrenmonitore mit digitalen Effektger\u00e4ten, Beamer und zugespielter finaler Szene von John Hustons &#8222;Moby Dick&#8220; (1956), 2021<\/p>\n\n\n\n<p><\/p>\n\n\n\n<figure class=\"wp-block-image size-large\"><img loading=\"lazy\" width=\"1024\" height=\"683\" src=\"http:\/\/dirkkrecker.de\/wp-content\/uploads\/2022\/02\/AHAB_Saasfee_Krecker-1024x683.jpg\" alt=\"\" class=\"wp-image-461\" srcset=\"http:\/\/dirkkrecker.de\/wp-content\/uploads\/2022\/02\/AHAB_Saasfee_Krecker-1024x683.jpg 1024w, http:\/\/dirkkrecker.de\/wp-content\/uploads\/2022\/02\/AHAB_Saasfee_Krecker-300x200.jpg 300w, http:\/\/dirkkrecker.de\/wp-content\/uploads\/2022\/02\/AHAB_Saasfee_Krecker-768x512.jpg 768w, http:\/\/dirkkrecker.de\/wp-content\/uploads\/2022\/02\/AHAB_Saasfee_Krecker-1536x1024.jpg 1536w, http:\/\/dirkkrecker.de\/wp-content\/uploads\/2022\/02\/AHAB_Saasfee_Krecker-2048x1365.jpg 2048w\" sizes=\"(max-width: 1024px) 100vw, 1024px\" \/><\/figure>\n\n\n\n<p class=\"has-small-font-size\">AHAB, R\u00fcckkopplungsverkabelte R\u00f6hrenmonitore mit digitalen Effektger\u00e4ten, Beamer und zugespielter finaler Szene von John Hustons &#8222;Moby Dick&#8220; (1956), Ausstellungsansicht SONG FOR AN ELEKTRONIK WHALE, saasfee*pavillon, Frankfurt 2021<\/p>\n\n\n\n<p><\/p>\n\n\n\n<figure class=\"wp-block-image size-large\"><img loading=\"lazy\" width=\"1024\" height=\"683\" src=\"http:\/\/dirkkrecker.de\/wp-content\/uploads\/2022\/02\/AHAB_Saasfee_Krecker_02-1024x683.jpg\" alt=\"\" class=\"wp-image-462\" srcset=\"http:\/\/dirkkrecker.de\/wp-content\/uploads\/2022\/02\/AHAB_Saasfee_Krecker_02-1024x683.jpg 1024w, http:\/\/dirkkrecker.de\/wp-content\/uploads\/2022\/02\/AHAB_Saasfee_Krecker_02-300x200.jpg 300w, http:\/\/dirkkrecker.de\/wp-content\/uploads\/2022\/02\/AHAB_Saasfee_Krecker_02-768x512.jpg 768w, http:\/\/dirkkrecker.de\/wp-content\/uploads\/2022\/02\/AHAB_Saasfee_Krecker_02-1536x1024.jpg 1536w, http:\/\/dirkkrecker.de\/wp-content\/uploads\/2022\/02\/AHAB_Saasfee_Krecker_02-2048x1365.jpg 2048w\" sizes=\"(max-width: 1024px) 100vw, 1024px\" \/><\/figure>\n\n\n\n<p class=\"has-small-font-size\">AHAB, R\u00fcckkopplungsverkabelte R\u00f6hrenmonitore mit digitalen Effektger\u00e4ten, Beamer und zugespielter finaler Szene von John Hustons &#8222;Moby Dick&#8220; (1956), Ausstellungsansicht SONG FOR AN ELEKTRONIK WHALE, saasfee*pavillon, Frankfurt 2021<\/p>\n\n\n\n<p><\/p>\n\n\n\n<figure class=\"wp-block-image size-large\"><img loading=\"lazy\" width=\"1024\" height=\"683\" src=\"http:\/\/dirkkrecker.de\/wp-content\/uploads\/2022\/02\/AHAB_Saasfee_Krecker_03-1024x683.jpg\" alt=\"\" class=\"wp-image-463\" srcset=\"http:\/\/dirkkrecker.de\/wp-content\/uploads\/2022\/02\/AHAB_Saasfee_Krecker_03-1024x683.jpg 1024w, http:\/\/dirkkrecker.de\/wp-content\/uploads\/2022\/02\/AHAB_Saasfee_Krecker_03-300x200.jpg 300w, http:\/\/dirkkrecker.de\/wp-content\/uploads\/2022\/02\/AHAB_Saasfee_Krecker_03-768x512.jpg 768w, http:\/\/dirkkrecker.de\/wp-content\/uploads\/2022\/02\/AHAB_Saasfee_Krecker_03-1536x1024.jpg 1536w, http:\/\/dirkkrecker.de\/wp-content\/uploads\/2022\/02\/AHAB_Saasfee_Krecker_03-2048x1365.jpg 2048w\" sizes=\"(max-width: 1024px) 100vw, 1024px\" \/><\/figure>\n\n\n\n<p class=\"has-small-font-size\">AHAB, R\u00fcckkopplungsverkabelte R\u00f6hrenmonitore mit digitalen Effektger\u00e4ten, Beamer und zugespielter finaler Szene von John Hustons &#8222;Moby Dick&#8220; (1956), Ausstellungsansicht SONG FOR AN ELEKTRONIK WHALE, saasfee*pavillon, Frankfurt 2021<\/p>\n\n\n\n<p><\/p>\n\n\n\n<p><\/p>\n\n\n\n<p class=\"has-small-font-size\">Gef\u00f6rdert im Rahmen des Kulturf\u00f6rderprogramms &#8222;Hessen kulturell neu er\u00f6ffnen&#8220;, Hessiche Kulturstiftung<\/p>\n\n\n\n<p class=\"has-small-font-size\">Fotos: <a href=\"https:\/\/moritzbernoully.com\/\">Moritz Bernoully<\/a><\/p>\n\n\n\n<p class=\"has-small-font-size\"><\/p>\n\n\n\n<p class=\"has-small-font-size\"><\/p>\n","protected":false},"excerpt":{"rendered":"<p>AHAB, R\u00fcckkopplungsverkabelte R\u00f6hrenmonitore mit digitalen Effektger\u00e4ten, Beamer und zugespielter finaler Szene von John Hustons &#8222;Moby Dick&#8220; (1956), 2021 AHAB, R\u00fcckkopplungsverkabelte R\u00f6hrenmonitore mit digitalen Effektger\u00e4ten, Beamer und zugespielter finaler Szene von John Hustons &#8222;Moby Dick&#8220; (1956), Ausstellungsansicht SONG FOR AN ELEKTRONIK WHALE, saasfee*pavillon, Frankfurt 2021 AHAB,&hellip; <a class=\"read-more\" href=\"http:\/\/dirkkrecker.de\/?page_id=448\">Weiterlesen<\/a><\/p>\n","protected":false},"author":1,"featured_media":0,"parent":0,"menu_order":0,"comment_status":"closed","ping_status":"closed","template":"","meta":[],"_links":{"self":[{"href":"http:\/\/dirkkrecker.de\/index.php?rest_route=\/wp\/v2\/pages\/448"}],"collection":[{"href":"http:\/\/dirkkrecker.de\/index.php?rest_route=\/wp\/v2\/pages"}],"about":[{"href":"http:\/\/dirkkrecker.de\/index.php?rest_route=\/wp\/v2\/types\/page"}],"author":[{"embeddable":true,"href":"http:\/\/dirkkrecker.de\/index.php?rest_route=\/wp\/v2\/users\/1"}],"replies":[{"embeddable":true,"href":"http:\/\/dirkkrecker.de\/index.php?rest_route=%2Fwp%2Fv2%2Fcomments&post=448"}],"version-history":[{"count":8,"href":"http:\/\/dirkkrecker.de\/index.php?rest_route=\/wp\/v2\/pages\/448\/revisions"}],"predecessor-version":[{"id":473,"href":"http:\/\/dirkkrecker.de\/index.php?rest_route=\/wp\/v2\/pages\/448\/revisions\/473"}],"wp:attachment":[{"href":"http:\/\/dirkkrecker.de\/index.php?rest_route=%2Fwp%2Fv2%2Fmedia&parent=448"}],"curies":[{"name":"wp","href":"https:\/\/api.w.org\/{rel}","templated":true}]}}