{"id":179,"date":"2020-01-06T07:01:22","date_gmt":"2020-01-06T06:01:22","guid":{"rendered":"http:\/\/dirkkrecker.de\/?page_id=179"},"modified":"2020-01-06T20:38:52","modified_gmt":"2020-01-06T19:38:52","slug":"teaching-activities","status":"publish","type":"page","link":"http:\/\/dirkkrecker.de\/?page_id=179","title":{"rendered":"Teaching activities"},"content":{"rendered":"\n<p>2019\/20 &#8222;Rydra Wong&#8220;, Soundworkshop, HfG Offenbach<\/p>\n\n\n\n<p>2019\/20 &#8222;Would you like to know more?&#8220;, Proseminar Painting, Institute for Art Pedagogy<\/p>\n\n\n\n<p>2019\/20 &#8222;Fade to grey&#8220;, Proseminar Painting, Institute for Art Pedagogy<\/p>\n\n\n\n<p>2019 &#8222;Create a Group&#8220;, Proseminar Painting, Institute for Art Pedagogy<\/p>\n\n\n\n<p>2019 &#8222;Same Same but Different&#8220;, Proseminar Painting, Institute for Art Pedagogy<\/p>\n\n\n\n<p>2018\/19 &#8222;It goes on forever and it\u00b4s full of stars! &#8211; smartes Malen in bewegtem Gel\u00e4nde&#8220;, Proseminar Painting, Institute for Art Pedagogy<\/p>\n\n\n\n<p>2018\/19 &#8222;Farbe im Schwarzwei\u00dfraum&#8220;, Proseminar Painting, Institute for Art Pedagogy<\/p>\n\n\n\n<p>2018\/19 &#8222;Spacestations\/Raumstationen&#8220;, Bildende Kunst \/ Forschungsplattform Bau, Kunst, Erfinden,  Raum-Grundlagen, Universit\u00e4t Kassel<\/p>\n\n\n\n<p>2018\/19 Schulk\u00fcnstler der Stiftung der Frankfurter Sparkasse und der Sparkassen-Kulturstiftung Hessen-Th\u00fcringen, Profilklasse Kunst der Helmholtzschule Frankfurt<\/p>\n\n\n\n<p>2018 &#8222;Egal wie ich es zusammensetze, es wird immer eine Schreibmaschine&#8220;, Typewriter-Workshop, HBK Braunschweig<\/p>\n\n\n\n<p>2017\/18 Lectureship Painting with Ursula D\u00f6bereiner, Philip Gr\u00f6zinger and Clemens Krauss, Wei\u00dfensee Kunsthochschule Berlin<\/p>\n\n\n\n<p>2017 Werksvortrag, HBK Braunschweig, Braunschweig<\/p>\n\n\n\n<p>2017 Lecture, Institute for Art Pedagogy, Goethe-Univerity Frankfurt<\/p>\n\n\n\n<p>2017 Lecture, Basisklasse, Kunsthochschule Kassel<\/p>\n\n\n\n<p>2011 &#8222;Zeichnen &#8211; k\u00fcnstliche Welten&#8220;, Drawing-Workshop together with Ursula D\u00f6bereiner, AdbK N\u00fcrnberg<\/p>\n","protected":false},"excerpt":{"rendered":"<p>2019\/20 &#8222;Rydra Wong&#8220;, Soundworkshop, HfG Offenbach 2019\/20 &#8222;Would you like to know more?&#8220;, Proseminar Painting, Institute for Art Pedagogy 2019\/20 &#8222;Fade to grey&#8220;, Proseminar Painting, Institute for Art Pedagogy 2019 &#8222;Create a Group&#8220;, Proseminar Painting, Institute for Art Pedagogy 2019 &#8222;Same Same but Different&#8220;, Proseminar&hellip; <a class=\"read-more\" href=\"http:\/\/dirkkrecker.de\/?page_id=179\">Weiterlesen<\/a><\/p>\n","protected":false},"author":1,"featured_media":0,"parent":0,"menu_order":0,"comment_status":"closed","ping_status":"closed","template":"","meta":[],"_links":{"self":[{"href":"http:\/\/dirkkrecker.de\/index.php?rest_route=\/wp\/v2\/pages\/179"}],"collection":[{"href":"http:\/\/dirkkrecker.de\/index.php?rest_route=\/wp\/v2\/pages"}],"about":[{"href":"http:\/\/dirkkrecker.de\/index.php?rest_route=\/wp\/v2\/types\/page"}],"author":[{"embeddable":true,"href":"http:\/\/dirkkrecker.de\/index.php?rest_route=\/wp\/v2\/users\/1"}],"replies":[{"embeddable":true,"href":"http:\/\/dirkkrecker.de\/index.php?rest_route=%2Fwp%2Fv2%2Fcomments&post=179"}],"version-history":[{"count":4,"href":"http:\/\/dirkkrecker.de\/index.php?rest_route=\/wp\/v2\/pages\/179\/revisions"}],"predecessor-version":[{"id":218,"href":"http:\/\/dirkkrecker.de\/index.php?rest_route=\/wp\/v2\/pages\/179\/revisions\/218"}],"wp:attachment":[{"href":"http:\/\/dirkkrecker.de\/index.php?rest_route=%2Fwp%2Fv2%2Fmedia&parent=179"}],"curies":[{"name":"wp","href":"https:\/\/api.w.org\/{rel}","templated":true}]}}